{"id":14,"date":"2020-06-07T13:29:14","date_gmt":"2020-06-07T13:29:14","guid":{"rendered":"https:\/\/hk-webservice.biz\/?page_id=14"},"modified":"2020-09-20T00:07:58","modified_gmt":"2020-09-20T00:07:58","slug":"startseite","status":"publish","type":"page","link":"https:\/\/hk-webservice.biz\/","title":{"rendered":"Hendrik Klose -WebService-"},"content":{"rendered":"\n<p><img loading=\"lazy\" decoding=\"async\" width=\"50\" height=\"50\" class=\"wp-image-167\" style=\"width: 50px;\" src=\"https:\/\/hk-webservice.biz\/wp-content\/uploads\/2020\/06\/Sample.png\" alt=\"HKWS\" srcset=\"https:\/\/hk-webservice.biz\/wp-content\/uploads\/2020\/06\/Sample.png 640w, https:\/\/hk-webservice.biz\/wp-content\/uploads\/2020\/06\/Sample-300x300.png 300w, https:\/\/hk-webservice.biz\/wp-content\/uploads\/2020\/06\/Sample-150x150.png 150w, https:\/\/hk-webservice.biz\/wp-content\/uploads\/2020\/06\/Sample-100x100.png 100w\" sizes=\"auto, (max-width: 50px) 100vw, 50px\" \/> Eines der wichtigsten Kriterien eines professionellen Webauftrittes ist die schnelle und permanente Erreichbarkeit. Kaum ein Besucher nimmt eine lange Ladezeit in Kauf. Bieten Sie Ihren Besuchern genau dies &#8211; eine schnelle Ladezeit sowie permanente Erreichbarkeit Ihrer Webseite.<\/p>\n\n\n\n<p>HK-WebService ist Ihr Partner, wenn es gilt, diese Kriterien zu erf\u00fcllen. Ich setze auf Qualit\u00e4t statt Quantit\u00e4t. Aus diesem Grund hoste ich nur eine \u00fcberschaubare Anzahl an Kunden je Server. So erhalten Sie bei mir beste Performance &#8211; in Form von h\u00f6chster Ausfallsicherheit und schnellstem Speicherplatz. <\/p>\n\n\n\n<p>Entscheiden Sie sich jetzt f\u00fcr HK -WebService- Ihrem Webhosting und Webdesign Partner f\u00fcr beste Qualit\u00e4t.<\/p>\n\n\n\n<p class=\"has-text-align-left\"> <\/p>\n","protected":false},"excerpt":{"rendered":"<p>Eines der wichtigsten Kriterien eines professionellen Webauftrittes ist die schnelle und permanente Erreichbarkeit. Kaum ein Besucher nimmt eine lange Ladezeit in Kauf. Bieten Sie Ihren Besuchern genau dies &#8211; eine schnelle Ladezeit sowie permanente Erreichbarkeit Ihrer Webseite. HK-WebService ist Ihr Partner, wenn es gilt, diese Kriterien zu erf\u00fcllen. Ich setze auf Qualit\u00e4t statt Quantit\u00e4t. Aus &hellip; <\/p>\n<p class=\"link-more\"><a href=\"https:\/\/hk-webservice.biz\/\" class=\"more-link\"><span class=\"screen-reader-text\">\u201eHendrik Klose -WebService-\u201c <\/span>weiterlesen<\/a><\/p>\n","protected":false},"author":1,"featured_media":182,"parent":0,"menu_order":0,"comment_status":"closed","ping_status":"closed","template":"","meta":{"footnotes":""},"class_list":["post-14","page","type-page","status-publish","has-post-thumbnail","hentry"],"yoast_head":"<!-- This site is optimized with the Yoast SEO plugin v26.7 - https:\/\/yoast.com\/wordpress\/plugins\/seo\/ -->\n<title>Hendrik Klose -WebService- &#8226; HK -WebService- Bad Rappenau<\/title>\n<meta name=\"description\" content=\"HK WebService der IT Spezialist f\u00fcr Homepage erstellen, Server Administration, Arbeitsplatz Bereuung, Administation, Firewall und Netzwerk.\" \/>\n<meta name=\"robots\" content=\"index, follow, max-snippet:-1, max-image-preview:large, max-video-preview:-1\" \/>\n<link rel=\"canonical\" href=\"https:\/\/hk-webservice.biz\/\" \/>\n<meta property=\"og:locale\" content=\"de_DE\" \/>\n<meta property=\"og:type\" content=\"article\" \/>\n<meta property=\"og:title\" content=\"Hendrik Klose -WebService- &#8226; HK -WebService- Bad Rappenau\" \/>\n<meta property=\"og:description\" content=\"HK WebService der IT Spezialist f\u00fcr Homepage erstellen, Server Administration, Arbeitsplatz Bereuung, Administation, Firewall und Netzwerk.\" \/>\n<meta property=\"og:url\" content=\"https:\/\/hk-webservice.biz\/\" \/>\n<meta property=\"og:site_name\" content=\"HK -WebService-\" \/>\n<meta property=\"article:modified_time\" content=\"2020-09-20T00:07:58+00:00\" \/>\n<meta property=\"og:image\" content=\"https:\/\/hk-webservice.biz\/wp-content\/uploads\/2020\/06\/webdesign4.jpg\" \/>\n\t<meta property=\"og:image:width\" content=\"1887\" \/>\n\t<meta property=\"og:image:height\" content=\"1440\" \/>\n\t<meta property=\"og:image:type\" content=\"image\/jpeg\" \/>\n<meta name=\"twitter:card\" content=\"summary_large_image\" \/>\n<meta name=\"twitter:label1\" content=\"Gesch\u00e4tzte Lesezeit\" \/>\n\t<meta name=\"twitter:data1\" content=\"1\u00a0Minute\" \/>\n<script type=\"application\/ld+json\" class=\"yoast-schema-graph\">{\"@context\":\"https:\/\/schema.org\",\"@graph\":[{\"@type\":\"WebPage\",\"@id\":\"https:\/\/hk-webservice.biz\/\",\"url\":\"https:\/\/hk-webservice.biz\/\",\"name\":\"Hendrik Klose -WebService- &#8226; HK -WebService- Bad Rappenau\",\"isPartOf\":{\"@id\":\"https:\/\/hk-webservice.biz\/#website\"},\"primaryImageOfPage\":{\"@id\":\"https:\/\/hk-webservice.biz\/#primaryimage\"},\"image\":{\"@id\":\"https:\/\/hk-webservice.biz\/#primaryimage\"},\"thumbnailUrl\":\"https:\/\/hk-webservice.biz\/wp-content\/uploads\/2020\/06\/webdesign4.jpg\",\"datePublished\":\"2020-06-07T13:29:14+00:00\",\"dateModified\":\"2020-09-20T00:07:58+00:00\",\"description\":\"HK WebService der IT Spezialist f\u00fcr Homepage erstellen, Server Administration, Arbeitsplatz Bereuung, Administation, Firewall und Netzwerk.\",\"breadcrumb\":{\"@id\":\"https:\/\/hk-webservice.biz\/#breadcrumb\"},\"inLanguage\":\"de\",\"potentialAction\":[{\"@type\":\"ReadAction\",\"target\":[\"https:\/\/hk-webservice.biz\/\"]}]},{\"@type\":\"ImageObject\",\"inLanguage\":\"de\",\"@id\":\"https:\/\/hk-webservice.biz\/#primaryimage\",\"url\":\"https:\/\/hk-webservice.biz\/wp-content\/uploads\/2020\/06\/webdesign4.jpg\",\"contentUrl\":\"https:\/\/hk-webservice.biz\/wp-content\/uploads\/2020\/06\/webdesign4.jpg\",\"width\":1887,\"height\":1440,\"caption\":\"Hendrik Klose -WebService- Bad Rappenau\"},{\"@type\":\"BreadcrumbList\",\"@id\":\"https:\/\/hk-webservice.biz\/#breadcrumb\",\"itemListElement\":[{\"@type\":\"ListItem\",\"position\":1,\"name\":\"Startseite\",\"item\":\"https:\/\/hk-webservice.biz\/\"},{\"@type\":\"ListItem\",\"position\":2,\"name\":\"Hendrik Klose -WebService-\"}]},{\"@type\":\"WebSite\",\"@id\":\"https:\/\/hk-webservice.biz\/#website\",\"url\":\"https:\/\/hk-webservice.biz\/\",\"name\":\"HK -WebService-\",\"description\":\"Ihr Webhosting und Webdesign Partner f\u00fcr beste Qualit\u00e4t\",\"publisher\":{\"@id\":\"https:\/\/hk-webservice.biz\/#organization\"},\"potentialAction\":[{\"@type\":\"SearchAction\",\"target\":{\"@type\":\"EntryPoint\",\"urlTemplate\":\"https:\/\/hk-webservice.biz\/?s={search_term_string}\"},\"query-input\":{\"@type\":\"PropertyValueSpecification\",\"valueRequired\":true,\"valueName\":\"search_term_string\"}}],\"inLanguage\":\"de\"},{\"@type\":\"Organization\",\"@id\":\"https:\/\/hk-webservice.biz\/#organization\",\"name\":\"Hendrik Klose -WebService-\",\"url\":\"https:\/\/hk-webservice.biz\/\",\"logo\":{\"@type\":\"ImageObject\",\"inLanguage\":\"de\",\"@id\":\"https:\/\/hk-webservice.biz\/#\/schema\/logo\/image\/\",\"url\":\"https:\/\/hk-webservice.biz\/wp-content\/uploads\/2020\/06\/hkws-logo-1.jpg\",\"contentUrl\":\"https:\/\/hk-webservice.biz\/wp-content\/uploads\/2020\/06\/hkws-logo-1.jpg\",\"width\":2351,\"height\":894,\"caption\":\"Hendrik Klose -WebService-\"},\"image\":{\"@id\":\"https:\/\/hk-webservice.biz\/#\/schema\/logo\/image\/\"}}]}<\/script>\n<!-- \/ Yoast SEO plugin. -->","yoast_head_json":{"title":"Hendrik Klose -WebService- &#8226; HK -WebService- Bad Rappenau","description":"HK WebService der IT Spezialist f\u00fcr Homepage erstellen, Server Administration, Arbeitsplatz Bereuung, Administation, Firewall und Netzwerk.","robots":{"index":"index","follow":"follow","max-snippet":"max-snippet:-1","max-image-preview":"max-image-preview:large","max-video-preview":"max-video-preview:-1"},"canonical":"https:\/\/hk-webservice.biz\/","og_locale":"de_DE","og_type":"article","og_title":"Hendrik Klose -WebService- &#8226; HK -WebService- Bad Rappenau","og_description":"HK WebService der IT Spezialist f\u00fcr Homepage erstellen, Server Administration, Arbeitsplatz Bereuung, Administation, Firewall und Netzwerk.","og_url":"https:\/\/hk-webservice.biz\/","og_site_name":"HK -WebService-","article_modified_time":"2020-09-20T00:07:58+00:00","og_image":[{"width":1887,"height":1440,"url":"https:\/\/hk-webservice.biz\/wp-content\/uploads\/2020\/06\/webdesign4.jpg","type":"image\/jpeg"}],"twitter_card":"summary_large_image","twitter_misc":{"Gesch\u00e4tzte Lesezeit":"1\u00a0Minute"},"schema":{"@context":"https:\/\/schema.org","@graph":[{"@type":"WebPage","@id":"https:\/\/hk-webservice.biz\/","url":"https:\/\/hk-webservice.biz\/","name":"Hendrik Klose -WebService- &#8226; HK -WebService- Bad Rappenau","isPartOf":{"@id":"https:\/\/hk-webservice.biz\/#website"},"primaryImageOfPage":{"@id":"https:\/\/hk-webservice.biz\/#primaryimage"},"image":{"@id":"https:\/\/hk-webservice.biz\/#primaryimage"},"thumbnailUrl":"https:\/\/hk-webservice.biz\/wp-content\/uploads\/2020\/06\/webdesign4.jpg","datePublished":"2020-06-07T13:29:14+00:00","dateModified":"2020-09-20T00:07:58+00:00","description":"HK WebService der IT Spezialist f\u00fcr Homepage erstellen, Server Administration, Arbeitsplatz Bereuung, Administation, Firewall und Netzwerk.","breadcrumb":{"@id":"https:\/\/hk-webservice.biz\/#breadcrumb"},"inLanguage":"de","potentialAction":[{"@type":"ReadAction","target":["https:\/\/hk-webservice.biz\/"]}]},{"@type":"ImageObject","inLanguage":"de","@id":"https:\/\/hk-webservice.biz\/#primaryimage","url":"https:\/\/hk-webservice.biz\/wp-content\/uploads\/2020\/06\/webdesign4.jpg","contentUrl":"https:\/\/hk-webservice.biz\/wp-content\/uploads\/2020\/06\/webdesign4.jpg","width":1887,"height":1440,"caption":"Hendrik Klose -WebService- Bad Rappenau"},{"@type":"BreadcrumbList","@id":"https:\/\/hk-webservice.biz\/#breadcrumb","itemListElement":[{"@type":"ListItem","position":1,"name":"Startseite","item":"https:\/\/hk-webservice.biz\/"},{"@type":"ListItem","position":2,"name":"Hendrik Klose -WebService-"}]},{"@type":"WebSite","@id":"https:\/\/hk-webservice.biz\/#website","url":"https:\/\/hk-webservice.biz\/","name":"HK -WebService-","description":"Ihr Webhosting und Webdesign Partner f\u00fcr beste Qualit\u00e4t","publisher":{"@id":"https:\/\/hk-webservice.biz\/#organization"},"potentialAction":[{"@type":"SearchAction","target":{"@type":"EntryPoint","urlTemplate":"https:\/\/hk-webservice.biz\/?s={search_term_string}"},"query-input":{"@type":"PropertyValueSpecification","valueRequired":true,"valueName":"search_term_string"}}],"inLanguage":"de"},{"@type":"Organization","@id":"https:\/\/hk-webservice.biz\/#organization","name":"Hendrik Klose -WebService-","url":"https:\/\/hk-webservice.biz\/","logo":{"@type":"ImageObject","inLanguage":"de","@id":"https:\/\/hk-webservice.biz\/#\/schema\/logo\/image\/","url":"https:\/\/hk-webservice.biz\/wp-content\/uploads\/2020\/06\/hkws-logo-1.jpg","contentUrl":"https:\/\/hk-webservice.biz\/wp-content\/uploads\/2020\/06\/hkws-logo-1.jpg","width":2351,"height":894,"caption":"Hendrik Klose -WebService-"},"image":{"@id":"https:\/\/hk-webservice.biz\/#\/schema\/logo\/image\/"}}]}},"_links":{"self":[{"href":"https:\/\/hk-webservice.biz\/index.php\/wp-json\/wp\/v2\/pages\/14","targetHints":{"allow":["GET"]}}],"collection":[{"href":"https:\/\/hk-webservice.biz\/index.php\/wp-json\/wp\/v2\/pages"}],"about":[{"href":"https:\/\/hk-webservice.biz\/index.php\/wp-json\/wp\/v2\/types\/page"}],"author":[{"embeddable":true,"href":"https:\/\/hk-webservice.biz\/index.php\/wp-json\/wp\/v2\/users\/1"}],"replies":[{"embeddable":true,"href":"https:\/\/hk-webservice.biz\/index.php\/wp-json\/wp\/v2\/comments?post=14"}],"version-history":[{"count":10,"href":"https:\/\/hk-webservice.biz\/index.php\/wp-json\/wp\/v2\/pages\/14\/revisions"}],"predecessor-version":[{"id":311,"href":"https:\/\/hk-webservice.biz\/index.php\/wp-json\/wp\/v2\/pages\/14\/revisions\/311"}],"wp:featuredmedia":[{"embeddable":true,"href":"https:\/\/hk-webservice.biz\/index.php\/wp-json\/wp\/v2\/media\/182"}],"wp:attachment":[{"href":"https:\/\/hk-webservice.biz\/index.php\/wp-json\/wp\/v2\/media?parent=14"}],"curies":[{"name":"wp","href":"https:\/\/api.w.org\/{rel}","templated":true}]}}