{"id":183,"date":"2020-06-09T22:42:22","date_gmt":"2020-06-09T22:42:22","guid":{"rendered":"https:\/\/hk-webservice.biz\/?page_id=183"},"modified":"2020-09-18T10:34:34","modified_gmt":"2020-09-18T10:34:34","slug":"ueber-mich","status":"publish","type":"page","link":"https:\/\/hk-webservice.biz\/index.php\/ueber-mich\/","title":{"rendered":"\u00dcber mich"},"content":{"rendered":"\n<h2 class=\"wp-block-heading\"><strong><img decoding=\"async\" src=\"https:\/\/hk-webservice.biz\/wp-content\/uploads\/2020\/06\/Sample.png\" alt=\"HKWS\" style=\"width: 50px;\">  Hendrik Klose -WebService-<\/strong><\/h2>\n\n\n\n<p>Seit mehr als 15 Jahren biete ich professionelle IT Dienstleistungen an. Diese umfassen WebDesign und die komplette Betreuung von komplexen IT-Infrastrukturen. <\/p>\n\n\n\n<h2 class=\"wp-block-heading\"><img loading=\"lazy\" decoding=\"async\" width=\"50\" height=\"49\" class=\"wp-image-114\" style=\"width: 50px;\" src=\"https:\/\/hk-webservice.biz\/wp-content\/uploads\/2020\/06\/Smile.png\" alt=\"HKWS\" srcset=\"https:\/\/hk-webservice.biz\/wp-content\/uploads\/2020\/06\/Smile.png 171w, https:\/\/hk-webservice.biz\/wp-content\/uploads\/2020\/06\/Smile-150x150.png 150w, https:\/\/hk-webservice.biz\/wp-content\/uploads\/2020\/06\/Smile-100x100.png 100w\" sizes=\"auto, (max-width: 50px) 100vw, 50px\" \/> <strong>WebDesign<\/strong><\/h2>\n\n\n\n<p>Ich pr\u00fcfe gern Ihre aktuelle Homepage und mache Ihnen L\u00f6sungsvorschl\u00e4ge zur Optimierung. Zudem erhalten  Sie \u2013 bei Interesse \u2013 ein Angebot f\u00fcr Ihr ma\u00dfgeschneidertes CMS Webdesign. <\/p>\n\n\n\n<p>Sie suchen einen professionellen Webdesigner f\u00fcr Ihren privaten oder gesch\u00e4ftlichen Internetauftritt? Sie wollen eine WordPress Seite erstellen lassen? Sie w\u00fcnschen sich eine SEO Optimierung um besser im Internet gefunden zu werden? Dann sind Sie bei mir genau richtig. Seit vielen Jahren betreue ich Webseiten von Firmen und privaten Angeboten. <\/p>\n\n\n\n<h2 class=\"wp-block-heading\"><img loading=\"lazy\" decoding=\"async\" width=\"50\" height=\"49\" class=\"wp-image-114\" style=\"width: 50px;\" src=\"https:\/\/hk-webservice.biz\/wp-content\/uploads\/2020\/06\/Smile.png\" alt=\"HKWS\" srcset=\"https:\/\/hk-webservice.biz\/wp-content\/uploads\/2020\/06\/Smile.png 171w, https:\/\/hk-webservice.biz\/wp-content\/uploads\/2020\/06\/Smile-150x150.png 150w, https:\/\/hk-webservice.biz\/wp-content\/uploads\/2020\/06\/Smile-100x100.png 100w\" sizes=\"auto, (max-width: 50px) 100vw, 50px\" \/><strong> IT-Betreuung und Administration<\/strong><\/h2>\n\n\n\n<p>Sie suchen  einen Systemadministrator f\u00fcr Ihre vorhandene IT-Infrastruktur? Oder Sie wollen Ihre EDV modernisieren und optimieren? Sie suchen L\u00f6sungen zur <span class=\"has-inline-color has-vivid-green-cyan-color\"><strong>GREEN-IT<\/strong><\/span>? Ich helfe Ihnen gern und erstelle ein ma\u00dfgeschneidertes Angebot f\u00fcr Sie. <\/p>\n\n\n\n<p>Neugierig? Auf geht\u2019s! Fragen kostet nichts. Bei mir gibt es perfektes Webdesign und IT-Betreuung und das zu fairen Preisen !<\/p>\n","protected":false},"excerpt":{"rendered":"<p>Hendrik Klose -WebService- Seit mehr als 15 Jahren biete ich professionelle IT Dienstleistungen an. Diese umfassen WebDesign und die komplette Betreuung von komplexen IT-Infrastrukturen. WebDesign Ich pr\u00fcfe gern Ihre aktuelle Homepage und mache Ihnen L\u00f6sungsvorschl\u00e4ge zur Optimierung. Zudem erhalten Sie \u2013 bei Interesse \u2013 ein Angebot f\u00fcr Ihr ma\u00dfgeschneidertes CMS Webdesign. Sie suchen einen professionellen &hellip; <\/p>\n<p class=\"link-more\"><a href=\"https:\/\/hk-webservice.biz\/index.php\/ueber-mich\/\" class=\"more-link\"><span class=\"screen-reader-text\">\u201e\u00dcber mich\u201c <\/span>weiterlesen<\/a><\/p>\n","protected":false},"author":1,"featured_media":181,"parent":0,"menu_order":0,"comment_status":"closed","ping_status":"closed","template":"","meta":{"footnotes":""},"class_list":["post-183","page","type-page","status-publish","has-post-thumbnail","hentry"],"yoast_head":"<!-- This site is optimized with the Yoast SEO plugin v26.7 - https:\/\/yoast.com\/wordpress\/plugins\/seo\/ -->\n<title>\u00dcber mich &#8226; HK -WebService- EDV Spezialist Administration<\/title>\n<meta name=\"description\" content=\"IT Spezialist Administrator Netzwerk Datenverarbeitung EDV Server Computer Sicherheit Virtualisierung Grenn IT EDV Virenschutz Switch\" \/>\n<meta name=\"robots\" content=\"index, follow, max-snippet:-1, max-image-preview:large, max-video-preview:-1\" \/>\n<link rel=\"canonical\" href=\"https:\/\/hk-webservice.biz\/index.php\/ueber-mich\/\" \/>\n<meta property=\"og:locale\" content=\"de_DE\" \/>\n<meta property=\"og:type\" content=\"article\" \/>\n<meta property=\"og:title\" content=\"\u00dcber mich &#8226; HK -WebService- EDV Spezialist Administration\" \/>\n<meta property=\"og:description\" content=\"IT Spezialist Administrator Netzwerk Datenverarbeitung EDV Server Computer Sicherheit Virtualisierung Grenn IT EDV Virenschutz Switch\" \/>\n<meta property=\"og:url\" content=\"https:\/\/hk-webservice.biz\/index.php\/ueber-mich\/\" \/>\n<meta property=\"og:site_name\" content=\"HK -WebService-\" \/>\n<meta property=\"article:modified_time\" content=\"2020-09-18T10:34:34+00:00\" \/>\n<meta property=\"og:image\" content=\"https:\/\/hk-webservice.biz\/wp-content\/uploads\/2020\/06\/webdesign3.jpg\" \/>\n\t<meta property=\"og:image:width\" content=\"1887\" \/>\n\t<meta property=\"og:image:height\" content=\"1440\" \/>\n\t<meta property=\"og:image:type\" content=\"image\/jpeg\" \/>\n<meta name=\"twitter:card\" content=\"summary_large_image\" \/>\n<meta name=\"twitter:label1\" content=\"Gesch\u00e4tzte Lesezeit\" \/>\n\t<meta name=\"twitter:data1\" content=\"1\u00a0Minute\" \/>\n<script type=\"application\/ld+json\" class=\"yoast-schema-graph\">{\"@context\":\"https:\/\/schema.org\",\"@graph\":[{\"@type\":\"WebPage\",\"@id\":\"https:\/\/hk-webservice.biz\/index.php\/ueber-mich\/\",\"url\":\"https:\/\/hk-webservice.biz\/index.php\/ueber-mich\/\",\"name\":\"\u00dcber mich &#8226; HK -WebService- EDV Spezialist Administration\",\"isPartOf\":{\"@id\":\"https:\/\/hk-webservice.biz\/#website\"},\"primaryImageOfPage\":{\"@id\":\"https:\/\/hk-webservice.biz\/index.php\/ueber-mich\/#primaryimage\"},\"image\":{\"@id\":\"https:\/\/hk-webservice.biz\/index.php\/ueber-mich\/#primaryimage\"},\"thumbnailUrl\":\"https:\/\/hk-webservice.biz\/wp-content\/uploads\/2020\/06\/webdesign3.jpg\",\"datePublished\":\"2020-06-09T22:42:22+00:00\",\"dateModified\":\"2020-09-18T10:34:34+00:00\",\"description\":\"IT Spezialist Administrator Netzwerk Datenverarbeitung EDV Server Computer Sicherheit Virtualisierung Grenn IT EDV Virenschutz Switch\",\"breadcrumb\":{\"@id\":\"https:\/\/hk-webservice.biz\/index.php\/ueber-mich\/#breadcrumb\"},\"inLanguage\":\"de\",\"potentialAction\":[{\"@type\":\"ReadAction\",\"target\":[\"https:\/\/hk-webservice.biz\/index.php\/ueber-mich\/\"]}]},{\"@type\":\"ImageObject\",\"inLanguage\":\"de\",\"@id\":\"https:\/\/hk-webservice.biz\/index.php\/ueber-mich\/#primaryimage\",\"url\":\"https:\/\/hk-webservice.biz\/wp-content\/uploads\/2020\/06\/webdesign3.jpg\",\"contentUrl\":\"https:\/\/hk-webservice.biz\/wp-content\/uploads\/2020\/06\/webdesign3.jpg\",\"width\":1887,\"height\":1440,\"caption\":\"Hendrik Klose -WebService- Bad Rappenau\"},{\"@type\":\"BreadcrumbList\",\"@id\":\"https:\/\/hk-webservice.biz\/index.php\/ueber-mich\/#breadcrumb\",\"itemListElement\":[{\"@type\":\"ListItem\",\"position\":1,\"name\":\"Startseite\",\"item\":\"https:\/\/hk-webservice.biz\/\"},{\"@type\":\"ListItem\",\"position\":2,\"name\":\"\u00dcber mich\"}]},{\"@type\":\"WebSite\",\"@id\":\"https:\/\/hk-webservice.biz\/#website\",\"url\":\"https:\/\/hk-webservice.biz\/\",\"name\":\"HK -WebService-\",\"description\":\"Ihr Webhosting und Webdesign Partner f\u00fcr beste Qualit\u00e4t\",\"publisher\":{\"@id\":\"https:\/\/hk-webservice.biz\/#organization\"},\"potentialAction\":[{\"@type\":\"SearchAction\",\"target\":{\"@type\":\"EntryPoint\",\"urlTemplate\":\"https:\/\/hk-webservice.biz\/?s={search_term_string}\"},\"query-input\":{\"@type\":\"PropertyValueSpecification\",\"valueRequired\":true,\"valueName\":\"search_term_string\"}}],\"inLanguage\":\"de\"},{\"@type\":\"Organization\",\"@id\":\"https:\/\/hk-webservice.biz\/#organization\",\"name\":\"Hendrik Klose -WebService-\",\"url\":\"https:\/\/hk-webservice.biz\/\",\"logo\":{\"@type\":\"ImageObject\",\"inLanguage\":\"de\",\"@id\":\"https:\/\/hk-webservice.biz\/#\/schema\/logo\/image\/\",\"url\":\"https:\/\/hk-webservice.biz\/wp-content\/uploads\/2020\/06\/hkws-logo-1.jpg\",\"contentUrl\":\"https:\/\/hk-webservice.biz\/wp-content\/uploads\/2020\/06\/hkws-logo-1.jpg\",\"width\":2351,\"height\":894,\"caption\":\"Hendrik Klose -WebService-\"},\"image\":{\"@id\":\"https:\/\/hk-webservice.biz\/#\/schema\/logo\/image\/\"}}]}<\/script>\n<!-- \/ Yoast SEO plugin. -->","yoast_head_json":{"title":"\u00dcber mich &#8226; HK -WebService- EDV Spezialist Administration","description":"IT Spezialist Administrator Netzwerk Datenverarbeitung EDV Server Computer Sicherheit Virtualisierung Grenn IT EDV Virenschutz Switch","robots":{"index":"index","follow":"follow","max-snippet":"max-snippet:-1","max-image-preview":"max-image-preview:large","max-video-preview":"max-video-preview:-1"},"canonical":"https:\/\/hk-webservice.biz\/index.php\/ueber-mich\/","og_locale":"de_DE","og_type":"article","og_title":"\u00dcber mich &#8226; HK -WebService- EDV Spezialist Administration","og_description":"IT Spezialist Administrator Netzwerk Datenverarbeitung EDV Server Computer Sicherheit Virtualisierung Grenn IT EDV Virenschutz Switch","og_url":"https:\/\/hk-webservice.biz\/index.php\/ueber-mich\/","og_site_name":"HK -WebService-","article_modified_time":"2020-09-18T10:34:34+00:00","og_image":[{"width":1887,"height":1440,"url":"https:\/\/hk-webservice.biz\/wp-content\/uploads\/2020\/06\/webdesign3.jpg","type":"image\/jpeg"}],"twitter_card":"summary_large_image","twitter_misc":{"Gesch\u00e4tzte Lesezeit":"1\u00a0Minute"},"schema":{"@context":"https:\/\/schema.org","@graph":[{"@type":"WebPage","@id":"https:\/\/hk-webservice.biz\/index.php\/ueber-mich\/","url":"https:\/\/hk-webservice.biz\/index.php\/ueber-mich\/","name":"\u00dcber mich &#8226; HK -WebService- EDV Spezialist Administration","isPartOf":{"@id":"https:\/\/hk-webservice.biz\/#website"},"primaryImageOfPage":{"@id":"https:\/\/hk-webservice.biz\/index.php\/ueber-mich\/#primaryimage"},"image":{"@id":"https:\/\/hk-webservice.biz\/index.php\/ueber-mich\/#primaryimage"},"thumbnailUrl":"https:\/\/hk-webservice.biz\/wp-content\/uploads\/2020\/06\/webdesign3.jpg","datePublished":"2020-06-09T22:42:22+00:00","dateModified":"2020-09-18T10:34:34+00:00","description":"IT Spezialist Administrator Netzwerk Datenverarbeitung EDV Server Computer Sicherheit Virtualisierung Grenn IT EDV Virenschutz Switch","breadcrumb":{"@id":"https:\/\/hk-webservice.biz\/index.php\/ueber-mich\/#breadcrumb"},"inLanguage":"de","potentialAction":[{"@type":"ReadAction","target":["https:\/\/hk-webservice.biz\/index.php\/ueber-mich\/"]}]},{"@type":"ImageObject","inLanguage":"de","@id":"https:\/\/hk-webservice.biz\/index.php\/ueber-mich\/#primaryimage","url":"https:\/\/hk-webservice.biz\/wp-content\/uploads\/2020\/06\/webdesign3.jpg","contentUrl":"https:\/\/hk-webservice.biz\/wp-content\/uploads\/2020\/06\/webdesign3.jpg","width":1887,"height":1440,"caption":"Hendrik Klose -WebService- Bad Rappenau"},{"@type":"BreadcrumbList","@id":"https:\/\/hk-webservice.biz\/index.php\/ueber-mich\/#breadcrumb","itemListElement":[{"@type":"ListItem","position":1,"name":"Startseite","item":"https:\/\/hk-webservice.biz\/"},{"@type":"ListItem","position":2,"name":"\u00dcber mich"}]},{"@type":"WebSite","@id":"https:\/\/hk-webservice.biz\/#website","url":"https:\/\/hk-webservice.biz\/","name":"HK -WebService-","description":"Ihr Webhosting und Webdesign Partner f\u00fcr beste Qualit\u00e4t","publisher":{"@id":"https:\/\/hk-webservice.biz\/#organization"},"potentialAction":[{"@type":"SearchAction","target":{"@type":"EntryPoint","urlTemplate":"https:\/\/hk-webservice.biz\/?s={search_term_string}"},"query-input":{"@type":"PropertyValueSpecification","valueRequired":true,"valueName":"search_term_string"}}],"inLanguage":"de"},{"@type":"Organization","@id":"https:\/\/hk-webservice.biz\/#organization","name":"Hendrik Klose -WebService-","url":"https:\/\/hk-webservice.biz\/","logo":{"@type":"ImageObject","inLanguage":"de","@id":"https:\/\/hk-webservice.biz\/#\/schema\/logo\/image\/","url":"https:\/\/hk-webservice.biz\/wp-content\/uploads\/2020\/06\/hkws-logo-1.jpg","contentUrl":"https:\/\/hk-webservice.biz\/wp-content\/uploads\/2020\/06\/hkws-logo-1.jpg","width":2351,"height":894,"caption":"Hendrik Klose -WebService-"},"image":{"@id":"https:\/\/hk-webservice.biz\/#\/schema\/logo\/image\/"}}]}},"_links":{"self":[{"href":"https:\/\/hk-webservice.biz\/index.php\/wp-json\/wp\/v2\/pages\/183","targetHints":{"allow":["GET"]}}],"collection":[{"href":"https:\/\/hk-webservice.biz\/index.php\/wp-json\/wp\/v2\/pages"}],"about":[{"href":"https:\/\/hk-webservice.biz\/index.php\/wp-json\/wp\/v2\/types\/page"}],"author":[{"embeddable":true,"href":"https:\/\/hk-webservice.biz\/index.php\/wp-json\/wp\/v2\/users\/1"}],"replies":[{"embeddable":true,"href":"https:\/\/hk-webservice.biz\/index.php\/wp-json\/wp\/v2\/comments?post=183"}],"version-history":[{"count":5,"href":"https:\/\/hk-webservice.biz\/index.php\/wp-json\/wp\/v2\/pages\/183\/revisions"}],"predecessor-version":[{"id":281,"href":"https:\/\/hk-webservice.biz\/index.php\/wp-json\/wp\/v2\/pages\/183\/revisions\/281"}],"wp:featuredmedia":[{"embeddable":true,"href":"https:\/\/hk-webservice.biz\/index.php\/wp-json\/wp\/v2\/media\/181"}],"wp:attachment":[{"href":"https:\/\/hk-webservice.biz\/index.php\/wp-json\/wp\/v2\/media?parent=183"}],"curies":[{"name":"wp","href":"https:\/\/api.w.org\/{rel}","templated":true}]}}