{"id":46,"date":"2020-06-07T13:42:39","date_gmt":"2020-06-07T13:42:39","guid":{"rendered":"https:\/\/hk-webservice.biz\/?page_id=46"},"modified":"2020-08-06T12:44:46","modified_gmt":"2020-08-06T12:44:46","slug":"agbs","status":"publish","type":"page","link":"https:\/\/hk-webservice.biz\/index.php\/agbs\/","title":{"rendered":"AGB"},"content":{"rendered":"\n<p>Die Allgemeine Gesch\u00e4ftsbedingungen von HK -WebService- f\u00fcr WebHosting und WebDesign finden Sie <a href=\"https:\/\/hk-webservice.biz\/index.php\/agb-fuer-webhosting-und-webdesign\/\">hier<\/a>.<\/p>\n\n\n\n<p>Die Allgemeine Gesch\u00e4ftsbedingungen von HK -WebService- f\u00fcr IT-Dienstleistungen finden Sie <a href=\"https:\/\/hk-webservice.biz\/index.php\/agb-fuer-it-dienstleistungen\/\">hier<\/a>.<\/p>\n","protected":false},"excerpt":{"rendered":"<p>Die Allgemeine Gesch\u00e4ftsbedingungen von HK -WebService- f\u00fcr WebHosting und WebDesign finden Sie hier. Die Allgemeine Gesch\u00e4ftsbedingungen von HK -WebService- f\u00fcr IT-Dienstleistungen finden Sie hier.<\/p>\n","protected":false},"author":1,"featured_media":0,"parent":0,"menu_order":0,"comment_status":"closed","ping_status":"closed","template":"","meta":{"footnotes":""},"class_list":["post-46","page","type-page","status-publish","hentry"],"yoast_head":"<!-- This site is optimized with the Yoast SEO plugin v26.7 - https:\/\/yoast.com\/wordpress\/plugins\/seo\/ -->\n<title>AGB &#8226; HK -WebService- Bad Rappenau<\/title>\n<meta name=\"description\" content=\"Allgemeine Gesch\u00e4ftsbedingungen\" \/>\n<meta name=\"robots\" content=\"index, follow, max-snippet:-1, max-image-preview:large, max-video-preview:-1\" \/>\n<link rel=\"canonical\" href=\"https:\/\/hk-webservice.biz\/index.php\/agbs\/\" \/>\n<meta property=\"og:locale\" content=\"de_DE\" \/>\n<meta property=\"og:type\" content=\"article\" \/>\n<meta property=\"og:title\" content=\"AGB &#8226; HK -WebService- Bad Rappenau\" \/>\n<meta property=\"og:description\" content=\"Allgemeine Gesch\u00e4ftsbedingungen\" \/>\n<meta property=\"og:url\" content=\"https:\/\/hk-webservice.biz\/index.php\/agbs\/\" \/>\n<meta property=\"og:site_name\" content=\"HK -WebService-\" \/>\n<meta property=\"article:modified_time\" content=\"2020-08-06T12:44:46+00:00\" \/>\n<meta name=\"twitter:card\" content=\"summary_large_image\" \/>\n<script type=\"application\/ld+json\" class=\"yoast-schema-graph\">{\"@context\":\"https:\/\/schema.org\",\"@graph\":[{\"@type\":\"WebPage\",\"@id\":\"https:\/\/hk-webservice.biz\/index.php\/agbs\/\",\"url\":\"https:\/\/hk-webservice.biz\/index.php\/agbs\/\",\"name\":\"AGB &#8226; HK -WebService- Bad Rappenau\",\"isPartOf\":{\"@id\":\"https:\/\/hk-webservice.biz\/#website\"},\"datePublished\":\"2020-06-07T13:42:39+00:00\",\"dateModified\":\"2020-08-06T12:44:46+00:00\",\"description\":\"Allgemeine Gesch\u00e4ftsbedingungen\",\"breadcrumb\":{\"@id\":\"https:\/\/hk-webservice.biz\/index.php\/agbs\/#breadcrumb\"},\"inLanguage\":\"de\",\"potentialAction\":[{\"@type\":\"ReadAction\",\"target\":[\"https:\/\/hk-webservice.biz\/index.php\/agbs\/\"]}]},{\"@type\":\"BreadcrumbList\",\"@id\":\"https:\/\/hk-webservice.biz\/index.php\/agbs\/#breadcrumb\",\"itemListElement\":[{\"@type\":\"ListItem\",\"position\":1,\"name\":\"Startseite\",\"item\":\"https:\/\/hk-webservice.biz\/\"},{\"@type\":\"ListItem\",\"position\":2,\"name\":\"AGB\"}]},{\"@type\":\"WebSite\",\"@id\":\"https:\/\/hk-webservice.biz\/#website\",\"url\":\"https:\/\/hk-webservice.biz\/\",\"name\":\"HK -WebService-\",\"description\":\"Ihr Webhosting und Webdesign Partner f\u00fcr beste Qualit\u00e4t\",\"publisher\":{\"@id\":\"https:\/\/hk-webservice.biz\/#organization\"},\"potentialAction\":[{\"@type\":\"SearchAction\",\"target\":{\"@type\":\"EntryPoint\",\"urlTemplate\":\"https:\/\/hk-webservice.biz\/?s={search_term_string}\"},\"query-input\":{\"@type\":\"PropertyValueSpecification\",\"valueRequired\":true,\"valueName\":\"search_term_string\"}}],\"inLanguage\":\"de\"},{\"@type\":\"Organization\",\"@id\":\"https:\/\/hk-webservice.biz\/#organization\",\"name\":\"Hendrik Klose -WebService-\",\"url\":\"https:\/\/hk-webservice.biz\/\",\"logo\":{\"@type\":\"ImageObject\",\"inLanguage\":\"de\",\"@id\":\"https:\/\/hk-webservice.biz\/#\/schema\/logo\/image\/\",\"url\":\"https:\/\/hk-webservice.biz\/wp-content\/uploads\/2020\/06\/hkws-logo-1.jpg\",\"contentUrl\":\"https:\/\/hk-webservice.biz\/wp-content\/uploads\/2020\/06\/hkws-logo-1.jpg\",\"width\":2351,\"height\":894,\"caption\":\"Hendrik Klose -WebService-\"},\"image\":{\"@id\":\"https:\/\/hk-webservice.biz\/#\/schema\/logo\/image\/\"}}]}<\/script>\n<!-- \/ Yoast SEO plugin. -->","yoast_head_json":{"title":"AGB &#8226; HK -WebService- Bad Rappenau","description":"Allgemeine Gesch\u00e4ftsbedingungen","robots":{"index":"index","follow":"follow","max-snippet":"max-snippet:-1","max-image-preview":"max-image-preview:large","max-video-preview":"max-video-preview:-1"},"canonical":"https:\/\/hk-webservice.biz\/index.php\/agbs\/","og_locale":"de_DE","og_type":"article","og_title":"AGB &#8226; HK -WebService- Bad Rappenau","og_description":"Allgemeine Gesch\u00e4ftsbedingungen","og_url":"https:\/\/hk-webservice.biz\/index.php\/agbs\/","og_site_name":"HK -WebService-","article_modified_time":"2020-08-06T12:44:46+00:00","twitter_card":"summary_large_image","schema":{"@context":"https:\/\/schema.org","@graph":[{"@type":"WebPage","@id":"https:\/\/hk-webservice.biz\/index.php\/agbs\/","url":"https:\/\/hk-webservice.biz\/index.php\/agbs\/","name":"AGB &#8226; HK -WebService- Bad Rappenau","isPartOf":{"@id":"https:\/\/hk-webservice.biz\/#website"},"datePublished":"2020-06-07T13:42:39+00:00","dateModified":"2020-08-06T12:44:46+00:00","description":"Allgemeine Gesch\u00e4ftsbedingungen","breadcrumb":{"@id":"https:\/\/hk-webservice.biz\/index.php\/agbs\/#breadcrumb"},"inLanguage":"de","potentialAction":[{"@type":"ReadAction","target":["https:\/\/hk-webservice.biz\/index.php\/agbs\/"]}]},{"@type":"BreadcrumbList","@id":"https:\/\/hk-webservice.biz\/index.php\/agbs\/#breadcrumb","itemListElement":[{"@type":"ListItem","position":1,"name":"Startseite","item":"https:\/\/hk-webservice.biz\/"},{"@type":"ListItem","position":2,"name":"AGB"}]},{"@type":"WebSite","@id":"https:\/\/hk-webservice.biz\/#website","url":"https:\/\/hk-webservice.biz\/","name":"HK -WebService-","description":"Ihr Webhosting und Webdesign Partner f\u00fcr beste Qualit\u00e4t","publisher":{"@id":"https:\/\/hk-webservice.biz\/#organization"},"potentialAction":[{"@type":"SearchAction","target":{"@type":"EntryPoint","urlTemplate":"https:\/\/hk-webservice.biz\/?s={search_term_string}"},"query-input":{"@type":"PropertyValueSpecification","valueRequired":true,"valueName":"search_term_string"}}],"inLanguage":"de"},{"@type":"Organization","@id":"https:\/\/hk-webservice.biz\/#organization","name":"Hendrik Klose -WebService-","url":"https:\/\/hk-webservice.biz\/","logo":{"@type":"ImageObject","inLanguage":"de","@id":"https:\/\/hk-webservice.biz\/#\/schema\/logo\/image\/","url":"https:\/\/hk-webservice.biz\/wp-content\/uploads\/2020\/06\/hkws-logo-1.jpg","contentUrl":"https:\/\/hk-webservice.biz\/wp-content\/uploads\/2020\/06\/hkws-logo-1.jpg","width":2351,"height":894,"caption":"Hendrik Klose -WebService-"},"image":{"@id":"https:\/\/hk-webservice.biz\/#\/schema\/logo\/image\/"}}]}},"_links":{"self":[{"href":"https:\/\/hk-webservice.biz\/index.php\/wp-json\/wp\/v2\/pages\/46","targetHints":{"allow":["GET"]}}],"collection":[{"href":"https:\/\/hk-webservice.biz\/index.php\/wp-json\/wp\/v2\/pages"}],"about":[{"href":"https:\/\/hk-webservice.biz\/index.php\/wp-json\/wp\/v2\/types\/page"}],"author":[{"embeddable":true,"href":"https:\/\/hk-webservice.biz\/index.php\/wp-json\/wp\/v2\/users\/1"}],"replies":[{"embeddable":true,"href":"https:\/\/hk-webservice.biz\/index.php\/wp-json\/wp\/v2\/comments?post=46"}],"version-history":[{"count":14,"href":"https:\/\/hk-webservice.biz\/index.php\/wp-json\/wp\/v2\/pages\/46\/revisions"}],"predecessor-version":[{"id":295,"href":"https:\/\/hk-webservice.biz\/index.php\/wp-json\/wp\/v2\/pages\/46\/revisions\/295"}],"wp:attachment":[{"href":"https:\/\/hk-webservice.biz\/index.php\/wp-json\/wp\/v2\/media?parent=46"}],"curies":[{"name":"wp","href":"https:\/\/api.w.org\/{rel}","templated":true}]}}